{"id":7575,"date":"2020-05-25T20:19:54","date_gmt":"2020-05-25T17:19:54","guid":{"rendered":"https:\/\/cofetariascalaoradea.ro\/szallitas\/"},"modified":"2024-04-09T13:58:40","modified_gmt":"2024-04-09T10:58:40","slug":"szallitas","status":"publish","type":"page","link":"https:\/\/cofetariascalaoradea.ro\/hu\/szallitas\/","title":{"rendered":"Sz\u00e1ll\u00edt\u00e1s"},"content":{"rendered":"<p>[et_pb_section fb_built=&#8221;1&#8243; _builder_version=&#8221;4.16&#8243; global_colors_info=&#8221;{}&#8221;][et_pb_row _builder_version=&#8221;4.16&#8243; global_colors_info=&#8221;{}&#8221;][et_pb_column type=&#8221;4_4&#8243; _builder_version=&#8221;4.16&#8243; global_colors_info=&#8221;{}&#8221;][et_pb_post_title meta=&#8221;off&#8221; featured_image=&#8221;off&#8221; _builder_version=&#8221;4.16&#8243; text_orientation=&#8221;center&#8221; global_colors_info=&#8221;{}&#8221;][\/et_pb_post_title][et_pb_text _builder_version=&#8221;4.21.2&#8243; hover_enabled=&#8221;0&#8243; global_colors_info=&#8221;{}&#8221; sticky_enabled=&#8221;0&#8243;]<\/p>\n<h4><strong>Rendel\u00e9si program:<\/strong><\/h4>\n<p><strong>H\u00e9tf\u0151 &#8211; szombat : 10:00 &#8211; 17:00 (az \u00d6n \u00e1ltal a megrendel\u00e9s lead\u00e1sakor kiv\u00e1lasztott id\u0151kereten bel\u00fcl)<\/strong><\/p>\n<p><span style=\"font-weight: 400;\">A fenti \u00fctemterv szerint tudunk sz\u00e1ll\u00edtani.  <\/span><br \/><span style=\"font-weight: 400;\">A sz\u00e1ll\u00edt\u00e1sok a megrendel\u00e9s regisztr\u00e1l\u00e1sakor rendelkez\u00e9sre \u00e1ll\u00f3 \u00f3r\u00e1k\/napok szerint foglalhat\u00f3k.<\/span><\/p>\n<p><span style=\"font-weight: 400;\">A sz\u00e1ll\u00edt\u00e1sok speci\u00e1lis h\u0171t\u0151kocsikkal t\u00f6rt\u00e9nnek, amelyeket az enged\u00e9lyezett ellen\u0151rz\u0151 int\u00e9zm\u00e9nyek enged\u00e9lyeztek.<\/span><\/p>\n<p><span style=\"font-weight: 400;\">A sz\u00e1ll\u00edt\u00e1si k\u00f6lts\u00e9g 10 lej az A z\u00f3n\u00e1ban (a nagyv\u00e1radi \u00e1tv\u00e9teli pontt\u00f3l (Nagyv\u00e1rad, Meziadului utca 14. sz\u00e1m) 10 km t\u00e1vols\u00e1gig); 50 lej a B z\u00f3n\u00e1ban (a nagyv\u00e1radi \u00e1tv\u00e9teli pontt\u00f3l (Nagyv\u00e1rad, Meziadului utca 14. sz\u00e1m) 25 km t\u00e1vols\u00e1gig). 50 lej alatti rendel\u00e9s eset\u00e9n k\u00e9rj\u00fck, adja le rendel\u00e9s\u00e9t \u00e1tv\u00e9tellel b\u00e1rmelyik SCALA Cukr\u00e1szd\u00e1ban.<\/span><\/p>\n<p><span style=\"font-weight: 400;\">A SCALA Cukr\u00e1szda k\u00e9zbes\u00edt\u0151je egy k\u00e9zbes\u00edt\u00e9si k\u00eds\u00e9rletet tesz a kiv\u00e1lasztott id\u0151intervallumon bel\u00fcl. Ha nem tal\u00e1lj\u00e1k a megadott c\u00edmen, vagy nem v\u00e1laszol 2 telefonh\u00edv\u00e1sra \u00e9s 1 sms-re, a sz\u00e1ll\u00edt\u00e1s a SCALA COFETARIA-ra t\u00f6rt\u00e9nik str. Meziadului, nr.14, Oradea (Nagyv\u00e1rad), amelyet azt\u00e1n megh\u00edvjuk \u00d6nt, hogy szem\u00e9lyesen vegye \u00e1t a telephely\u00fcnk\u00f6n. Ezt SMS-ben jelentj\u00fck be. A fenti esetben a sz\u00e1ll\u00edt\u00e1si d\u00edjat, ha van ilyen, NEM t\u00e9r\u00edtj\u00fck vissza, mivel az \u00f6sszeg a j\u00e1rm\u0171vezet\u0151 kezdeti utaz\u00e1s\u00e1t fedezi.<\/span><\/p>\n<p><span style=\"font-weight: 400;\">Az \u00d6n megrendel\u00e9s\u00e9t szigor\u00faan a term\u00e9kek \u00e9rv\u00e9nyess\u00e9gi idej\u00e9n bel\u00fcl tartjuk meg \u00fczlet\u00fcnkben. Amennyiben nem jelenik meg a term\u00e9kek \u00e1tv\u00e9tel\u00e9re, a megrendel\u00e9s t\u00f6rl\u00e9sre ker\u00fcl, \u00e9s annak \u00e9rt\u00e9ke NEM t\u00e9r\u00edthet\u0151 vissza.<\/span><\/p>\n<p><span style=\"font-weight: 400;\">Ha olyan id\u0151pontban v\u00e1lasztotta a kisz\u00e1ll\u00edt\u00e1st, amikor sz\u00e1ll\u00edt\u00e1si kapacit\u00e1sunk m\u00e1r teljesen foglalt, a SCALA Cukr\u00e1szda munkat\u00e1rsa felveszi \u00d6nnel a kapcsolatot, hogy egy m\u00e1sik, a legk\u00f6zelebbi szabad id\u0151pontra \u00fctemezze \u00e1t a kisz\u00e1ll\u00edt\u00e1st.<\/span><\/p>\n<p><span style=\"font-weight: 400;\">Ha nem \u00e9rt egyet az \u00e1t\u00fctemez\u00e9ssel, a megrendel\u00e9st t\u00f6r\u00f6lj\u00fck, \u00e9s a p\u00e9nzt 5 munkanapon bel\u00fcl teljes eg\u00e9sz\u00e9ben visszautaljuk a sz\u00e1ml\u00e1j\u00e1ra.<\/span><\/p>\n<p><span style=\"font-weight: 400;\">Az olyan napok\/id\u0151szakok eset\u00e9ben, amikor nagyon sok megrendel\u00e9s \u00e9rkezik, valamint amikor a forgalmi vagy id\u0151j\u00e1r\u00e1si k\u00f6r\u00fclm\u00e9nyek akad\u00e1lyozz\u00e1k a sz\u00e1ll\u00edt\u00e1si folyamatot, a SCALA COFETARIA fenntartja a jogot a sz\u00e1ll\u00edt\u00e1si id\u0151 meghosszabb\u00edt\u00e1s\u00e1ra. Az ilyen k\u00e9sedelmek\u00e9rt, amelyek a v\u00e1llalat ellen\u0151rz\u00e9si k\u00f6r\u00e9n vagy lehet\u0151s\u00e9gein k\u00edv\u00fcl esnek, a v\u00e1llalat nem tehet\u0151 felel\u0151ss\u00e9.<\/span><\/p>\n<p><span style=\"font-weight: 400;\">Az online megrendelt term\u00e9kek szem\u00e9lyes \u00e1tv\u00e9tele a rendel\u00e9s \u00f6sszeg\u00e9t\u0151l f\u00fcggetlen\u00fcl ingyenes. Ebben az esetben nem sz\u00e1m\u00edtanak fel feldolgoz\u00e1si d\u00edjat.<\/span><\/p>\n<p><span style=\"font-weight: 400;\">Az \u00d6n al\u00e1\u00edr\u00e1sa a megrendel\u00e9s\u00e9t k\u00eds\u00e9r\u0151 jogi dokumentumokon az \u00d6n elfogad\u00e1s\u00e1t jelenti. \u00e9s a parancsok betart\u00e1sa. K\u00e9rj\u00fck, al\u00e1\u00edr\u00e1s el\u0151tt ellen\u0151rizze a megrendel\u00e9s megfelel\u0151s\u00e9g\u00e9t. K\u00e9s\u0151bbi panaszok nem vehet\u0151k figyelembe.<\/span><\/p>\n<h4><strong>A term\u00e9kek visszak\u00fcld\u00e9se<\/strong><\/h4>\n<p><span style=\"font-weight: 400;\">A hat\u00e1lyos jogszab\u00e1lyok szerint a megv\u00e1s\u00e1rolt \u00e9lelmiszereket NEM lehet visszavinni vagy kicser\u00e9lni.<\/span><\/p>\n<p>[\/et_pb_text][\/et_pb_column][\/et_pb_row][\/et_pb_section]<\/p>\n","protected":false},"excerpt":{"rendered":"<p>Rendel\u00e9si program: H\u00e9tf\u0151 &#8211; szombat : 10:00 &#8211; 17:00 (az \u00d6n \u00e1ltal a megrendel\u00e9s lead\u00e1sakor kiv\u00e1lasztott id\u0151kereten bel\u00fcl) A fenti \u00fctemterv szerint tudunk sz\u00e1ll\u00edtani. A sz\u00e1ll\u00edt\u00e1sok a megrendel\u00e9s regisztr\u00e1l\u00e1sakor rendelkez\u00e9sre \u00e1ll\u00f3 \u00f3r\u00e1k\/napok szerint foglalhat\u00f3k. A sz\u00e1ll\u00edt\u00e1sok speci\u00e1lis h\u0171t\u0151kocsikkal t\u00f6rt\u00e9nnek, amelyeket az enged\u00e9lyezett ellen\u0151rz\u0151 int\u00e9zm\u00e9nyek enged\u00e9lyeztek. A sz\u00e1ll\u00edt\u00e1si k\u00f6lts\u00e9g 10 lej az A z\u00f3n\u00e1ban (a nagyv\u00e1radi [&hellip;]<\/p>\n","protected":false},"author":1,"featured_media":0,"parent":0,"menu_order":13,"comment_status":"closed","ping_status":"closed","template":"","meta":{"_acf_changed":false,"_et_pb_use_builder":"on","_et_pb_old_content":"","_et_gb_content_width":"","footnotes":""},"class_list":["post-7575","page","type-page","status-publish","hentry"],"acf":[],"yoast_head":"<!-- This site is optimized with the Yoast SEO plugin v27.5 - https:\/\/yoast.com\/product\/yoast-seo-wordpress\/ -->\n<title>Sz\u00e1ll\u00edt\u00e1s - Cofetaria Scala Oradea<\/title>\n<meta name=\"robots\" content=\"index, follow, max-snippet:-1, max-image-preview:large, max-video-preview:-1\" \/>\n<link rel=\"canonical\" href=\"https:\/\/cofetariascalaoradea.ro\/hu\/szallitas\/\" \/>\n<meta property=\"og:locale\" content=\"hu_HU\" \/>\n<meta property=\"og:type\" content=\"article\" \/>\n<meta property=\"og:title\" content=\"Sz\u00e1ll\u00edt\u00e1s - Cofetaria Scala Oradea\" \/>\n<meta property=\"og:description\" content=\"Rendel\u00e9si program: H\u00e9tf\u0151 - szombat : 10:00 - 17:00 (az \u00d6n \u00e1ltal a megrendel\u00e9s lead\u00e1sakor kiv\u00e1lasztott id\u0151kereten bel\u00fcl) A fenti \u00fctemterv szerint tudunk sz\u00e1ll\u00edtani. A sz\u00e1ll\u00edt\u00e1sok a megrendel\u00e9s regisztr\u00e1l\u00e1sakor rendelkez\u00e9sre \u00e1ll\u00f3 \u00f3r\u00e1k\/napok szerint foglalhat\u00f3k. A sz\u00e1ll\u00edt\u00e1sok speci\u00e1lis h\u0171t\u0151kocsikkal t\u00f6rt\u00e9nnek, amelyeket az enged\u00e9lyezett ellen\u0151rz\u0151 int\u00e9zm\u00e9nyek enged\u00e9lyeztek. A sz\u00e1ll\u00edt\u00e1si k\u00f6lts\u00e9g 10 lej az A z\u00f3n\u00e1ban (a nagyv\u00e1radi [&hellip;]\" \/>\n<meta property=\"og:url\" content=\"https:\/\/cofetariascalaoradea.ro\/hu\/szallitas\/\" \/>\n<meta property=\"og:site_name\" content=\"Cofetaria Scala Oradea\" \/>\n<meta property=\"article:publisher\" content=\"https:\/\/www.facebook.com\/cofetariascalaoradea\" \/>\n<meta property=\"article:modified_time\" content=\"2024-04-09T10:58:40+00:00\" \/>\n<meta name=\"twitter:card\" content=\"summary_large_image\" \/>\n<meta name=\"twitter:label1\" content=\"Becs\u00fclt olvas\u00e1si id\u0151\" \/>\n\t<meta name=\"twitter:data1\" content=\"3 perc\" \/>\n<script type=\"application\/ld+json\" class=\"yoast-schema-graph\">{\"@context\":\"https:\\\/\\\/schema.org\",\"@graph\":[{\"@type\":\"WebPage\",\"@id\":\"https:\\\/\\\/cofetariascalaoradea.ro\\\/hu\\\/szallitas\\\/\",\"url\":\"https:\\\/\\\/cofetariascalaoradea.ro\\\/hu\\\/szallitas\\\/\",\"name\":\"Sz\u00e1ll\u00edt\u00e1s - Cofetaria Scala Oradea\",\"isPartOf\":{\"@id\":\"https:\\\/\\\/cofetariascalaoradea.ro\\\/hu\\\/#website\"},\"datePublished\":\"2020-05-25T17:19:54+00:00\",\"dateModified\":\"2024-04-09T10:58:40+00:00\",\"breadcrumb\":{\"@id\":\"https:\\\/\\\/cofetariascalaoradea.ro\\\/hu\\\/szallitas\\\/#breadcrumb\"},\"inLanguage\":\"hu\",\"potentialAction\":[{\"@type\":\"ReadAction\",\"target\":[\"https:\\\/\\\/cofetariascalaoradea.ro\\\/hu\\\/szallitas\\\/\"]}]},{\"@type\":\"BreadcrumbList\",\"@id\":\"https:\\\/\\\/cofetariascalaoradea.ro\\\/hu\\\/szallitas\\\/#breadcrumb\",\"itemListElement\":[{\"@type\":\"ListItem\",\"position\":1,\"name\":\"Prima pagin\u0103\",\"item\":\"https:\\\/\\\/cofetariascalaoradea.ro\\\/hu\\\/\"},{\"@type\":\"ListItem\",\"position\":2,\"name\":\"Sz\u00e1ll\u00edt\u00e1s\"}]},{\"@type\":\"WebSite\",\"@id\":\"https:\\\/\\\/cofetariascalaoradea.ro\\\/hu\\\/#website\",\"url\":\"https:\\\/\\\/cofetariascalaoradea.ro\\\/hu\\\/\",\"name\":\"Cofetaria Scala Oradea\",\"description\":\"Gustul amintirilor dulci\",\"publisher\":{\"@id\":\"https:\\\/\\\/cofetariascalaoradea.ro\\\/hu\\\/#organization\"},\"potentialAction\":[{\"@type\":\"SearchAction\",\"target\":{\"@type\":\"EntryPoint\",\"urlTemplate\":\"https:\\\/\\\/cofetariascalaoradea.ro\\\/hu\\\/?s={search_term_string}\"},\"query-input\":{\"@type\":\"PropertyValueSpecification\",\"valueRequired\":true,\"valueName\":\"search_term_string\"}}],\"inLanguage\":\"hu\"},{\"@type\":\"Organization\",\"@id\":\"https:\\\/\\\/cofetariascalaoradea.ro\\\/hu\\\/#organization\",\"name\":\"Cofetaria Scala Oradea\",\"url\":\"https:\\\/\\\/cofetariascalaoradea.ro\\\/hu\\\/\",\"logo\":{\"@type\":\"ImageObject\",\"inLanguage\":\"hu\",\"@id\":\"https:\\\/\\\/cofetariascalaoradea.ro\\\/hu\\\/#\\\/schema\\\/logo\\\/image\\\/\",\"url\":\"https:\\\/\\\/cofetariascalaoradea.ro\\\/wp-content\\\/uploads\\\/2020\\\/05\\\/logo-cofetaria-scala-oradea.png\",\"contentUrl\":\"https:\\\/\\\/cofetariascalaoradea.ro\\\/wp-content\\\/uploads\\\/2020\\\/05\\\/logo-cofetaria-scala-oradea.png\",\"width\":300,\"height\":90,\"caption\":\"Cofetaria Scala Oradea\"},\"image\":{\"@id\":\"https:\\\/\\\/cofetariascalaoradea.ro\\\/hu\\\/#\\\/schema\\\/logo\\\/image\\\/\"},\"sameAs\":[\"https:\\\/\\\/www.facebook.com\\\/cofetariascalaoradea\",\"https:\\\/\\\/www.instagram.com\\\/cofetariascalaoradea\"]}]}<\/script>\n<!-- \/ Yoast SEO plugin. -->","yoast_head_json":{"title":"Sz\u00e1ll\u00edt\u00e1s - Cofetaria Scala Oradea","robots":{"index":"index","follow":"follow","max-snippet":"max-snippet:-1","max-image-preview":"max-image-preview:large","max-video-preview":"max-video-preview:-1"},"canonical":"https:\/\/cofetariascalaoradea.ro\/hu\/szallitas\/","og_locale":"hu_HU","og_type":"article","og_title":"Sz\u00e1ll\u00edt\u00e1s - Cofetaria Scala Oradea","og_description":"Rendel\u00e9si program: H\u00e9tf\u0151 - szombat : 10:00 - 17:00 (az \u00d6n \u00e1ltal a megrendel\u00e9s lead\u00e1sakor kiv\u00e1lasztott id\u0151kereten bel\u00fcl) A fenti \u00fctemterv szerint tudunk sz\u00e1ll\u00edtani. A sz\u00e1ll\u00edt\u00e1sok a megrendel\u00e9s regisztr\u00e1l\u00e1sakor rendelkez\u00e9sre \u00e1ll\u00f3 \u00f3r\u00e1k\/napok szerint foglalhat\u00f3k. A sz\u00e1ll\u00edt\u00e1sok speci\u00e1lis h\u0171t\u0151kocsikkal t\u00f6rt\u00e9nnek, amelyeket az enged\u00e9lyezett ellen\u0151rz\u0151 int\u00e9zm\u00e9nyek enged\u00e9lyeztek. A sz\u00e1ll\u00edt\u00e1si k\u00f6lts\u00e9g 10 lej az A z\u00f3n\u00e1ban (a nagyv\u00e1radi [&hellip;]","og_url":"https:\/\/cofetariascalaoradea.ro\/hu\/szallitas\/","og_site_name":"Cofetaria Scala Oradea","article_publisher":"https:\/\/www.facebook.com\/cofetariascalaoradea","article_modified_time":"2024-04-09T10:58:40+00:00","twitter_card":"summary_large_image","twitter_misc":{"Becs\u00fclt olvas\u00e1si id\u0151":"3 perc"},"schema":{"@context":"https:\/\/schema.org","@graph":[{"@type":"WebPage","@id":"https:\/\/cofetariascalaoradea.ro\/hu\/szallitas\/","url":"https:\/\/cofetariascalaoradea.ro\/hu\/szallitas\/","name":"Sz\u00e1ll\u00edt\u00e1s - Cofetaria Scala Oradea","isPartOf":{"@id":"https:\/\/cofetariascalaoradea.ro\/hu\/#website"},"datePublished":"2020-05-25T17:19:54+00:00","dateModified":"2024-04-09T10:58:40+00:00","breadcrumb":{"@id":"https:\/\/cofetariascalaoradea.ro\/hu\/szallitas\/#breadcrumb"},"inLanguage":"hu","potentialAction":[{"@type":"ReadAction","target":["https:\/\/cofetariascalaoradea.ro\/hu\/szallitas\/"]}]},{"@type":"BreadcrumbList","@id":"https:\/\/cofetariascalaoradea.ro\/hu\/szallitas\/#breadcrumb","itemListElement":[{"@type":"ListItem","position":1,"name":"Prima pagin\u0103","item":"https:\/\/cofetariascalaoradea.ro\/hu\/"},{"@type":"ListItem","position":2,"name":"Sz\u00e1ll\u00edt\u00e1s"}]},{"@type":"WebSite","@id":"https:\/\/cofetariascalaoradea.ro\/hu\/#website","url":"https:\/\/cofetariascalaoradea.ro\/hu\/","name":"Cofetaria Scala Oradea","description":"Gustul amintirilor dulci","publisher":{"@id":"https:\/\/cofetariascalaoradea.ro\/hu\/#organization"},"potentialAction":[{"@type":"SearchAction","target":{"@type":"EntryPoint","urlTemplate":"https:\/\/cofetariascalaoradea.ro\/hu\/?s={search_term_string}"},"query-input":{"@type":"PropertyValueSpecification","valueRequired":true,"valueName":"search_term_string"}}],"inLanguage":"hu"},{"@type":"Organization","@id":"https:\/\/cofetariascalaoradea.ro\/hu\/#organization","name":"Cofetaria Scala Oradea","url":"https:\/\/cofetariascalaoradea.ro\/hu\/","logo":{"@type":"ImageObject","inLanguage":"hu","@id":"https:\/\/cofetariascalaoradea.ro\/hu\/#\/schema\/logo\/image\/","url":"https:\/\/cofetariascalaoradea.ro\/wp-content\/uploads\/2020\/05\/logo-cofetaria-scala-oradea.png","contentUrl":"https:\/\/cofetariascalaoradea.ro\/wp-content\/uploads\/2020\/05\/logo-cofetaria-scala-oradea.png","width":300,"height":90,"caption":"Cofetaria Scala Oradea"},"image":{"@id":"https:\/\/cofetariascalaoradea.ro\/hu\/#\/schema\/logo\/image\/"},"sameAs":["https:\/\/www.facebook.com\/cofetariascalaoradea","https:\/\/www.instagram.com\/cofetariascalaoradea"]}]}},"jetpack_likes_enabled":true,"jetpack_sharing_enabled":true,"_links":{"self":[{"href":"https:\/\/cofetariascalaoradea.ro\/hu\/wp-json\/wp\/v2\/pages\/7575","targetHints":{"allow":["GET"]}}],"collection":[{"href":"https:\/\/cofetariascalaoradea.ro\/hu\/wp-json\/wp\/v2\/pages"}],"about":[{"href":"https:\/\/cofetariascalaoradea.ro\/hu\/wp-json\/wp\/v2\/types\/page"}],"author":[{"embeddable":true,"href":"https:\/\/cofetariascalaoradea.ro\/hu\/wp-json\/wp\/v2\/users\/1"}],"replies":[{"embeddable":true,"href":"https:\/\/cofetariascalaoradea.ro\/hu\/wp-json\/wp\/v2\/comments?post=7575"}],"version-history":[{"count":5,"href":"https:\/\/cofetariascalaoradea.ro\/hu\/wp-json\/wp\/v2\/pages\/7575\/revisions"}],"predecessor-version":[{"id":8480,"href":"https:\/\/cofetariascalaoradea.ro\/hu\/wp-json\/wp\/v2\/pages\/7575\/revisions\/8480"}],"wp:attachment":[{"href":"https:\/\/cofetariascalaoradea.ro\/hu\/wp-json\/wp\/v2\/media?parent=7575"}],"curies":[{"name":"wp","href":"https:\/\/api.w.org\/{rel}","templated":true}]}}