{"id":1212,"date":"2020-12-10T12:15:23","date_gmt":"2020-12-10T10:15:23","guid":{"rendered":"https:\/\/cofetariascalaoradea.ro\/?post_type=product&#038;p=1212"},"modified":"2025-09-26T10:56:28","modified_gmt":"2025-09-26T07:56:28","slug":"prajituri-la-caserola-cu-12-buc","status":"publish","type":"product","link":"https:\/\/cofetariascalaoradea.ro\/hu\/produs\/prajituri-la-caserola-cu-12-buc\/","title":{"rendered":"Prajituri la caserola cu 12 buc"},"content":{"rendered":"<p><strong>Ingrediente:\u00a0<\/strong>faina de GRAU, OUA, margarina vegetala, zahar, miere de albine poliflora, gris de GRAU, LAPTE praf, ulei rafinat de floarea soarelui, gem de caise, umplutura de visine cu fruct, ciocolata cuvertura, crema decor din baza vegetala, umplutura de branza, vanilie, NUCA (poate sa contina COJI), ARAHIDE, esente, bicarbonat, pudra cacao, nuca de cocos rasa<\/p>\n<p><strong>Gramaj:\u00a0<\/strong>350 gr<\/p>\n<p>A SE PASTRA LA 8-10 GRADE<\/p>\n<p>A SE CONSUMA IN 48 ORE<\/p>\n<p>VAL NUTRITIONALE: LA 100GR PRODUS<\/p>\n<p>APORT CALORIC ENERG TOTAL:KJ:1366<\/p>\n<p>APORT TOTAL KCAL:327<\/p>\n<p>CARBOHIDRATI:44.94<\/p>\n<p>ZAHARURI:25.99<\/p>\n<p>GRASIMI:14.03<\/p>\n<p>ACIZI GRASI SATURATI TOTAL:3.22<\/p>\n<p>PROTEINA:5.14<\/p>\n<p>SARE:0.241<\/p>\n<div class=\"sc-bDumWk jgFynf\">\n<div class=\"sc-dkmUuB fIgNts\">\n<div class=\"sc-bdtorG ihcxZm cb_InputContainer_Root_7dc\">\n<div class=\"cb_InputContainer_ContentRow_7dc\">\n<div class=\"cb-select-Select__root sc-hvyvbr iXChyy css-b62m3t-container\">\n<p>&nbsp;<\/p>\n<\/div>\n<\/div>\n<\/div>\n<\/div>\n<\/div>\n<div class=\"sc-bDumWk jgFynf\">\n<div class=\"sc-dkmUuB fIgNts\">\n<div class=\"sc-bdtorG ihcxZm cb_InputContainer_Root_7dc\">\n<div class=\"cb_InputContainer_ContentRow_7dc\">\n<div class=\"cb-select-Select__root sc-hvyvbr iXChyy css-b62m3t-container\">\n<p>&nbsp;<\/p>\n<div class=\"cb_typographyClassName_bodyBase_c56 cb_typographyClassName_Body3_c56 cb_useCustomComponents_fontClass_ca7 cb_useCustomComponents_ControlRoot_ca7\">\n<div class=\"cb_useCustomComponents_ValueContainerRoot_ca7\"><\/div>\n<\/div>\n<\/div>\n<\/div>\n<\/div>\n<\/div>\n<\/div>\n<div class=\"sc-gyNrLF gmvxRF\">\n<div>\n<div class=\"sc-krgSWq kBLNOP\">\n<div class=\"sc-jWFYPQ hIVcaZ\">\n<div class=\"sc-bDumWk jgFynf\">\n<div class=\"sc-dkmUuB fIgNts\">\n<div class=\"cb_Input_Root_d6a\">\n<div class=\"cb_typographyClassName_bodyBase_c56 cb_typographyClassName_Body3_c56 cb_Input_SuffixText_d6a\" role=\"presentation\"><\/div>\n<\/div>\n<\/div>\n<\/div>\n<\/div>\n<\/div>\n<\/div>\n<\/div>\n","protected":false},"excerpt":{"rendered":"<p>Prajituri traditionale de casa facute dupa retetele originale. Prajiturile clasice regasite sunt Albina, Dobos, Lamaita, dar si alte sortimente in functie de disponibilitate.<\/p>\n<p><strong>ALERGENI:\u00a0<\/strong><em>Gluten, Oua, Lapte, Arahide si produse derivate acestora, Nuca. Pot contine COJI de nuca sau SAMBURI de visine.<\/em><\/p>\n<p><em><strong>Pot contine urme de: SOIA, SEMINTE DE SUSAN, FRUCTE CU COAJA LEMNOASA<\/strong><\/em><\/p>\n","protected":false},"featured_media":1214,"comment_status":"open","ping_status":"closed","template":"","meta":{"_acf_changed":false,"_et_pb_use_builder":"","_et_pb_old_content":"","_et_gb_content_width":"","jetpack_publicize_message":"","jetpack_publicize_feature_enabled":true,"jetpack_social_post_already_shared":false,"jetpack_social_options":{"image_generator_settings":{"template":"highway","default_image_id":0,"font":"","enabled":false},"version":2}},"product_brand":[],"product_cat":[17],"product_tag":[],"class_list":{"0":"post-1212","1":"product","2":"type-product","3":"status-publish","4":"has-post-thumbnail","6":"product_cat-prajituri","8":"first","9":"instock","10":"taxable","11":"shipping-taxable","12":"purchasable","13":"product-type-simple"},"acf":[],"yoast_head":"<!-- This site is optimized with the Yoast SEO plugin v27.4 - https:\/\/yoast.com\/product\/yoast-seo-wordpress\/ -->\n<title>Prajituri la caserola cu 12 buc - Cofetaria Scala Oradea<\/title>\n<meta name=\"robots\" content=\"index, follow, max-snippet:-1, max-image-preview:large, max-video-preview:-1\" \/>\n<link rel=\"canonical\" href=\"https:\/\/cofetariascalaoradea.ro\/hu\/produs\/prajituri-la-caserola-cu-12-buc\/\" \/>\n<meta property=\"og:locale\" content=\"hu_HU\" \/>\n<meta property=\"og:type\" content=\"article\" \/>\n<meta property=\"og:title\" content=\"Prajituri la caserola cu 12 buc - Cofetaria Scala Oradea\" \/>\n<meta property=\"og:description\" content=\"Prajituri traditionale de casa facute dupa retetele originale. Prajiturile clasice regasite sunt Albina, Dobos, Lamaita, dar si alte sortimente in functie de disponibilitate.  ALERGENI:\u00a0Gluten, Oua, Lapte, Arahide si produse derivate acestora, Nuca. Pot contine COJI de nuca sau SAMBURI de visine.  Pot contine urme de: SOIA, SEMINTE DE SUSAN, FRUCTE CU COAJA LEMNOASA\" \/>\n<meta property=\"og:url\" content=\"https:\/\/cofetariascalaoradea.ro\/hu\/produs\/prajituri-la-caserola-cu-12-buc\/\" \/>\n<meta property=\"og:site_name\" content=\"Cofetaria Scala Oradea\" \/>\n<meta property=\"article:publisher\" content=\"https:\/\/www.facebook.com\/cofetariascalaoradea\" \/>\n<meta property=\"article:modified_time\" content=\"2025-09-26T07:56:28+00:00\" \/>\n<meta property=\"og:image\" content=\"https:\/\/cofetariascalaoradea.ro\/wp-content\/uploads\/2020\/12\/Produs-28-Prajituri-Scala-1.jpg\" \/>\n\t<meta property=\"og:image:width\" content=\"1500\" \/>\n\t<meta property=\"og:image:height\" content=\"1500\" \/>\n\t<meta property=\"og:image:type\" content=\"image\/jpeg\" \/>\n<meta name=\"twitter:card\" content=\"summary_large_image\" \/>\n<meta name=\"twitter:label1\" content=\"Becs\u00fclt olvas\u00e1si id\u0151\" \/>\n\t<meta name=\"twitter:data1\" content=\"1 perc\" \/>\n<script type=\"application\/ld+json\" class=\"yoast-schema-graph\">{\"@context\":\"https:\\\/\\\/schema.org\",\"@graph\":[{\"@type\":\"WebPage\",\"@id\":\"https:\\\/\\\/cofetariascalaoradea.ro\\\/hu\\\/produs\\\/prajituri-la-caserola-cu-12-buc\\\/\",\"url\":\"https:\\\/\\\/cofetariascalaoradea.ro\\\/hu\\\/produs\\\/prajituri-la-caserola-cu-12-buc\\\/\",\"name\":\"Prajituri la caserola cu 12 buc - Cofetaria Scala Oradea\",\"isPartOf\":{\"@id\":\"https:\\\/\\\/cofetariascalaoradea.ro\\\/hu\\\/#website\"},\"primaryImageOfPage\":{\"@id\":\"https:\\\/\\\/cofetariascalaoradea.ro\\\/hu\\\/produs\\\/prajituri-la-caserola-cu-12-buc\\\/#primaryimage\"},\"image\":{\"@id\":\"https:\\\/\\\/cofetariascalaoradea.ro\\\/hu\\\/produs\\\/prajituri-la-caserola-cu-12-buc\\\/#primaryimage\"},\"thumbnailUrl\":\"https:\\\/\\\/i0.wp.com\\\/cofetariascalaoradea.ro\\\/wp-content\\\/uploads\\\/2020\\\/12\\\/Produs-28-Prajituri-Scala-1.jpg?fit=1500%2C1500&ssl=1\",\"datePublished\":\"2020-12-10T10:15:23+00:00\",\"dateModified\":\"2025-09-26T07:56:28+00:00\",\"breadcrumb\":{\"@id\":\"https:\\\/\\\/cofetariascalaoradea.ro\\\/hu\\\/produs\\\/prajituri-la-caserola-cu-12-buc\\\/#breadcrumb\"},\"inLanguage\":\"hu\",\"potentialAction\":[{\"@type\":\"ReadAction\",\"target\":[\"https:\\\/\\\/cofetariascalaoradea.ro\\\/hu\\\/produs\\\/prajituri-la-caserola-cu-12-buc\\\/\"]}]},{\"@type\":\"ImageObject\",\"inLanguage\":\"hu\",\"@id\":\"https:\\\/\\\/cofetariascalaoradea.ro\\\/hu\\\/produs\\\/prajituri-la-caserola-cu-12-buc\\\/#primaryimage\",\"url\":\"https:\\\/\\\/i0.wp.com\\\/cofetariascalaoradea.ro\\\/wp-content\\\/uploads\\\/2020\\\/12\\\/Produs-28-Prajituri-Scala-1.jpg?fit=1500%2C1500&ssl=1\",\"contentUrl\":\"https:\\\/\\\/i0.wp.com\\\/cofetariascalaoradea.ro\\\/wp-content\\\/uploads\\\/2020\\\/12\\\/Produs-28-Prajituri-Scala-1.jpg?fit=1500%2C1500&ssl=1\",\"width\":1500,\"height\":1500},{\"@type\":\"BreadcrumbList\",\"@id\":\"https:\\\/\\\/cofetariascalaoradea.ro\\\/hu\\\/produs\\\/prajituri-la-caserola-cu-12-buc\\\/#breadcrumb\",\"itemListElement\":[{\"@type\":\"ListItem\",\"position\":1,\"name\":\"Prima pagin\u0103\",\"item\":\"https:\\\/\\\/cofetariascalaoradea.ro\\\/hu\\\/\"},{\"@type\":\"ListItem\",\"position\":2,\"name\":\"Bolt\",\"item\":\"https:\\\/\\\/cofetariascalaoradea.ro\\\/hu\\\/bolt\\\/\"},{\"@type\":\"ListItem\",\"position\":3,\"name\":\"Prajituri la caserola cu 12 buc\"}]},{\"@type\":\"WebSite\",\"@id\":\"https:\\\/\\\/cofetariascalaoradea.ro\\\/hu\\\/#website\",\"url\":\"https:\\\/\\\/cofetariascalaoradea.ro\\\/hu\\\/\",\"name\":\"Cofetaria Scala Oradea\",\"description\":\"Gustul amintirilor dulci\",\"publisher\":{\"@id\":\"https:\\\/\\\/cofetariascalaoradea.ro\\\/hu\\\/#organization\"},\"potentialAction\":[{\"@type\":\"SearchAction\",\"target\":{\"@type\":\"EntryPoint\",\"urlTemplate\":\"https:\\\/\\\/cofetariascalaoradea.ro\\\/hu\\\/?s={search_term_string}\"},\"query-input\":{\"@type\":\"PropertyValueSpecification\",\"valueRequired\":true,\"valueName\":\"search_term_string\"}}],\"inLanguage\":\"hu\"},{\"@type\":\"Organization\",\"@id\":\"https:\\\/\\\/cofetariascalaoradea.ro\\\/hu\\\/#organization\",\"name\":\"Cofetaria Scala Oradea\",\"url\":\"https:\\\/\\\/cofetariascalaoradea.ro\\\/hu\\\/\",\"logo\":{\"@type\":\"ImageObject\",\"inLanguage\":\"hu\",\"@id\":\"https:\\\/\\\/cofetariascalaoradea.ro\\\/hu\\\/#\\\/schema\\\/logo\\\/image\\\/\",\"url\":\"https:\\\/\\\/cofetariascalaoradea.ro\\\/wp-content\\\/uploads\\\/2020\\\/05\\\/logo-cofetaria-scala-oradea.png\",\"contentUrl\":\"https:\\\/\\\/cofetariascalaoradea.ro\\\/wp-content\\\/uploads\\\/2020\\\/05\\\/logo-cofetaria-scala-oradea.png\",\"width\":300,\"height\":90,\"caption\":\"Cofetaria Scala Oradea\"},\"image\":{\"@id\":\"https:\\\/\\\/cofetariascalaoradea.ro\\\/hu\\\/#\\\/schema\\\/logo\\\/image\\\/\"},\"sameAs\":[\"https:\\\/\\\/www.facebook.com\\\/cofetariascalaoradea\",\"https:\\\/\\\/www.instagram.com\\\/cofetariascalaoradea\"]}]}<\/script>\n<!-- \/ Yoast SEO plugin. -->","yoast_head_json":{"title":"Prajituri la caserola cu 12 buc - Cofetaria Scala Oradea","robots":{"index":"index","follow":"follow","max-snippet":"max-snippet:-1","max-image-preview":"max-image-preview:large","max-video-preview":"max-video-preview:-1"},"canonical":"https:\/\/cofetariascalaoradea.ro\/hu\/produs\/prajituri-la-caserola-cu-12-buc\/","og_locale":"hu_HU","og_type":"article","og_title":"Prajituri la caserola cu 12 buc - Cofetaria Scala Oradea","og_description":"Prajituri traditionale de casa facute dupa retetele originale. Prajiturile clasice regasite sunt Albina, Dobos, Lamaita, dar si alte sortimente in functie de disponibilitate.  ALERGENI:\u00a0Gluten, Oua, Lapte, Arahide si produse derivate acestora, Nuca. Pot contine COJI de nuca sau SAMBURI de visine.  Pot contine urme de: SOIA, SEMINTE DE SUSAN, FRUCTE CU COAJA LEMNOASA","og_url":"https:\/\/cofetariascalaoradea.ro\/hu\/produs\/prajituri-la-caserola-cu-12-buc\/","og_site_name":"Cofetaria Scala Oradea","article_publisher":"https:\/\/www.facebook.com\/cofetariascalaoradea","article_modified_time":"2025-09-26T07:56:28+00:00","og_image":[{"width":1500,"height":1500,"url":"https:\/\/cofetariascalaoradea.ro\/wp-content\/uploads\/2020\/12\/Produs-28-Prajituri-Scala-1.jpg","type":"image\/jpeg"}],"twitter_card":"summary_large_image","twitter_misc":{"Becs\u00fclt olvas\u00e1si id\u0151":"1 perc"},"schema":{"@context":"https:\/\/schema.org","@graph":[{"@type":"WebPage","@id":"https:\/\/cofetariascalaoradea.ro\/hu\/produs\/prajituri-la-caserola-cu-12-buc\/","url":"https:\/\/cofetariascalaoradea.ro\/hu\/produs\/prajituri-la-caserola-cu-12-buc\/","name":"Prajituri la caserola cu 12 buc - Cofetaria Scala Oradea","isPartOf":{"@id":"https:\/\/cofetariascalaoradea.ro\/hu\/#website"},"primaryImageOfPage":{"@id":"https:\/\/cofetariascalaoradea.ro\/hu\/produs\/prajituri-la-caserola-cu-12-buc\/#primaryimage"},"image":{"@id":"https:\/\/cofetariascalaoradea.ro\/hu\/produs\/prajituri-la-caserola-cu-12-buc\/#primaryimage"},"thumbnailUrl":"https:\/\/i0.wp.com\/cofetariascalaoradea.ro\/wp-content\/uploads\/2020\/12\/Produs-28-Prajituri-Scala-1.jpg?fit=1500%2C1500&ssl=1","datePublished":"2020-12-10T10:15:23+00:00","dateModified":"2025-09-26T07:56:28+00:00","breadcrumb":{"@id":"https:\/\/cofetariascalaoradea.ro\/hu\/produs\/prajituri-la-caserola-cu-12-buc\/#breadcrumb"},"inLanguage":"hu","potentialAction":[{"@type":"ReadAction","target":["https:\/\/cofetariascalaoradea.ro\/hu\/produs\/prajituri-la-caserola-cu-12-buc\/"]}]},{"@type":"ImageObject","inLanguage":"hu","@id":"https:\/\/cofetariascalaoradea.ro\/hu\/produs\/prajituri-la-caserola-cu-12-buc\/#primaryimage","url":"https:\/\/i0.wp.com\/cofetariascalaoradea.ro\/wp-content\/uploads\/2020\/12\/Produs-28-Prajituri-Scala-1.jpg?fit=1500%2C1500&ssl=1","contentUrl":"https:\/\/i0.wp.com\/cofetariascalaoradea.ro\/wp-content\/uploads\/2020\/12\/Produs-28-Prajituri-Scala-1.jpg?fit=1500%2C1500&ssl=1","width":1500,"height":1500},{"@type":"BreadcrumbList","@id":"https:\/\/cofetariascalaoradea.ro\/hu\/produs\/prajituri-la-caserola-cu-12-buc\/#breadcrumb","itemListElement":[{"@type":"ListItem","position":1,"name":"Prima pagin\u0103","item":"https:\/\/cofetariascalaoradea.ro\/hu\/"},{"@type":"ListItem","position":2,"name":"Bolt","item":"https:\/\/cofetariascalaoradea.ro\/hu\/bolt\/"},{"@type":"ListItem","position":3,"name":"Prajituri la caserola cu 12 buc"}]},{"@type":"WebSite","@id":"https:\/\/cofetariascalaoradea.ro\/hu\/#website","url":"https:\/\/cofetariascalaoradea.ro\/hu\/","name":"Cofetaria Scala Oradea","description":"Gustul amintirilor dulci","publisher":{"@id":"https:\/\/cofetariascalaoradea.ro\/hu\/#organization"},"potentialAction":[{"@type":"SearchAction","target":{"@type":"EntryPoint","urlTemplate":"https:\/\/cofetariascalaoradea.ro\/hu\/?s={search_term_string}"},"query-input":{"@type":"PropertyValueSpecification","valueRequired":true,"valueName":"search_term_string"}}],"inLanguage":"hu"},{"@type":"Organization","@id":"https:\/\/cofetariascalaoradea.ro\/hu\/#organization","name":"Cofetaria Scala Oradea","url":"https:\/\/cofetariascalaoradea.ro\/hu\/","logo":{"@type":"ImageObject","inLanguage":"hu","@id":"https:\/\/cofetariascalaoradea.ro\/hu\/#\/schema\/logo\/image\/","url":"https:\/\/cofetariascalaoradea.ro\/wp-content\/uploads\/2020\/05\/logo-cofetaria-scala-oradea.png","contentUrl":"https:\/\/cofetariascalaoradea.ro\/wp-content\/uploads\/2020\/05\/logo-cofetaria-scala-oradea.png","width":300,"height":90,"caption":"Cofetaria Scala Oradea"},"image":{"@id":"https:\/\/cofetariascalaoradea.ro\/hu\/#\/schema\/logo\/image\/"},"sameAs":["https:\/\/www.facebook.com\/cofetariascalaoradea","https:\/\/www.instagram.com\/cofetariascalaoradea"]}]}},"jetpack_publicize_connections":[],"jetpack_likes_enabled":true,"jetpack_sharing_enabled":true,"_links":{"self":[{"href":"https:\/\/cofetariascalaoradea.ro\/hu\/wp-json\/wp\/v2\/product\/1212","targetHints":{"allow":["GET"]}}],"collection":[{"href":"https:\/\/cofetariascalaoradea.ro\/hu\/wp-json\/wp\/v2\/product"}],"about":[{"href":"https:\/\/cofetariascalaoradea.ro\/hu\/wp-json\/wp\/v2\/types\/product"}],"replies":[{"embeddable":true,"href":"https:\/\/cofetariascalaoradea.ro\/hu\/wp-json\/wp\/v2\/comments?post=1212"}],"wp:featuredmedia":[{"embeddable":true,"href":"https:\/\/cofetariascalaoradea.ro\/hu\/wp-json\/wp\/v2\/media\/1214"}],"wp:attachment":[{"href":"https:\/\/cofetariascalaoradea.ro\/hu\/wp-json\/wp\/v2\/media?parent=1212"}],"wp:term":[{"taxonomy":"product_brand","embeddable":true,"href":"https:\/\/cofetariascalaoradea.ro\/hu\/wp-json\/wp\/v2\/product_brand?post=1212"},{"taxonomy":"product_cat","embeddable":true,"href":"https:\/\/cofetariascalaoradea.ro\/hu\/wp-json\/wp\/v2\/product_cat?post=1212"},{"taxonomy":"product_tag","embeddable":true,"href":"https:\/\/cofetariascalaoradea.ro\/hu\/wp-json\/wp\/v2\/product_tag?post=1212"}],"curies":[{"name":"wp","href":"https:\/\/api.w.org\/{rel}","templated":true}]}}