{"id":9344,"date":"2025-04-12T11:12:14","date_gmt":"2025-04-12T08:12:14","guid":{"rendered":"https:\/\/cofetariascalaoradea.ro\/?post_type=product&#038;p=9344"},"modified":"2026-04-01T16:02:31","modified_gmt":"2026-04-01T13:02:31","slug":"platou-de-prajituri-35-buc","status":"publish","type":"product","link":"https:\/\/cofetariascalaoradea.ro\/hu\/produs\/platou-de-prajituri-35-buc\/","title":{"rendered":"Platou de prajituri 35 buc"},"content":{"rendered":"<p><strong>Ingrediente:\u00a0<\/strong>faina de GRAU, OUA, unt 82% grasime, zahar, miere de albine poliflora, LAPTE, branza de vaci, smantana pentru frisca 36% grasime ulei rafinat de floarea soarelui, gem de capsuni, ciocolata neagra 54%, ciocolata cu lapte 32%, crema decor din baza vegetala, vanilie, crema de lamaie, NUCA (poate sa contina COJI), ARAHIDE, mac esente, bicarbonat, pudra cacao, gem de caise, nuca de cocos rasa, razatura de lamaie<\/p>\n<p><strong>Gramaj: <\/strong>1,200 kg<\/p>\n<p>A SE PASTRA LA 8-10 GRADE<\/p>\n<p>A SE CONSUMA IN 48 ORE<\/p>\n<p>VAL NUTRITIONALE: LA 100GR PRODUS<\/p>\n<p>APORT CALORIC ENERG TOTAL:KJ:1366<\/p>\n<p>APORT TOTAL KCAL:327<\/p>\n<p>CARBOHIDRATI:44.94<\/p>\n<p>ZAHARURI:25.99<\/p>\n<p>GRASIMI:14.03<\/p>\n<p>ACIZI GRASI SATURATI TOTAL:3.22<\/p>\n<p>PROTEINA:5.14<\/p>\n<p>SARE:0.241<\/p>\n<div class=\"sc-bDumWk jgFynf\">\n<div class=\"sc-dkmUuB fIgNts\">\n<div class=\"sc-bdtorG ihcxZm cb_InputContainer_Root_7dc\">\n<div class=\"cb_InputContainer_ContentRow_7dc\">\n<div class=\"cb-select-Select__root sc-hvyvbr iXChyy css-b62m3t-container\">\n<p>&nbsp;<\/p>\n<div class=\"cb_typographyClassName_bodyBase_c56 cb_typographyClassName_Body3_c56 cb_useCustomComponents_fontClass_ca7 cb_useCustomComponents_ControlRoot_ca7\">\n<div class=\"cb_useCustomComponents_ValueContainerRoot_ca7\"><\/div>\n<\/div>\n<\/div>\n<\/div>\n<\/div>\n<\/div>\n<\/div>\n<div class=\"sc-gyNrLF gmvxRF\">\n<div>\n<div class=\"sc-krgSWq kBLNOP\">\n<div class=\"sc-jWFYPQ hIVcaZ\">\n<div class=\"sc-bDumWk jgFynf\">\n<div class=\"sc-dkmUuB fIgNts\">\n<div class=\"cb_Input_Root_d6a\">\n<div class=\"cb_typographyClassName_bodyBase_c56 cb_typographyClassName_Body3_c56 cb_Input_SuffixText_d6a\" role=\"presentation\"><\/div>\n<\/div>\n<\/div>\n<\/div>\n<\/div>\n<\/div>\n<\/div>\n<\/div>\n","protected":false},"excerpt":{"rendered":"<p>Vi-am pregatit un platou delicios cu prajituri deosebite. Un platou contine 5 sortimente de prajitura, in diferite combinatii, in functie de disponibilitate. Aceste sortimente sunt: Mini Rulada Red Velvet, Tarte cu fructe, Rulada japoneza cu crema de vanilie si gem de capsuni, Mini Eclere, Mini Amandina, Prajitura Bounty, Prajitura Sneakers sau Prajitura cu mac si crema de lamaie.<\/p>\n<p><strong>ALERGENI:\u00a0<\/strong><em>Gluten, Oua, Lapte, Arahide si produse derivate acestora, Nuca. Pot contine COJI de nuca.<\/em><\/p>\n<p><em><strong>Pot contine urme de: SOIA, SEMINTE DE SUSAN, FRUCTE CU COAJA LEMNOASA<\/strong><\/em><\/p>\n","protected":false},"featured_media":9345,"comment_status":"open","ping_status":"closed","template":"","meta":{"_acf_changed":false,"_et_pb_use_builder":"","_et_pb_old_content":"","_et_gb_content_width":"","jetpack_publicize_message":"","jetpack_publicize_feature_enabled":true,"jetpack_social_post_already_shared":true,"jetpack_social_options":{"image_generator_settings":{"template":"highway","default_image_id":0,"font":"","enabled":false},"version":2}},"product_brand":[],"product_cat":[17],"product_tag":[],"class_list":{"0":"post-9344","1":"product","2":"type-product","3":"status-publish","4":"has-post-thumbnail","6":"product_cat-prajituri","8":"first","9":"onbackorder","10":"taxable","11":"shipping-taxable","12":"purchasable","13":"product-type-simple"},"acf":[],"yoast_head":"<!-- This site is optimized with the Yoast SEO plugin v27.4 - https:\/\/yoast.com\/product\/yoast-seo-wordpress\/ -->\n<title>Platou de prajituri 35 buc - Cofetaria Scala Oradea<\/title>\n<meta name=\"description\" content=\"Un platou contine 5 sortimente de prajitura, in diferite combinatii, in functie de disponibilitate: Mini Rulada Red Velvet, Tarte cu fructe, Rulada japoneza cu crema de vanilie si gem de capsuni, Mini Eclere, Mini Amandina, Prajitura Bounty, Prajitura Sneakers sau Prajitura cu mac si crema de lamaie.\" \/>\n<meta name=\"robots\" content=\"index, follow, max-snippet:-1, max-image-preview:large, max-video-preview:-1\" \/>\n<link rel=\"canonical\" href=\"https:\/\/cofetariascalaoradea.ro\/hu\/produs\/platou-de-prajituri-35-buc\/\" \/>\n<meta property=\"og:locale\" content=\"hu_HU\" \/>\n<meta property=\"og:type\" content=\"article\" \/>\n<meta property=\"og:title\" content=\"Platou de prajituri 35 buc - Cofetaria Scala Oradea\" \/>\n<meta property=\"og:description\" content=\"Un platou contine 5 sortimente de prajitura, in diferite combinatii, in functie de disponibilitate: Mini Rulada Red Velvet, Tarte cu fructe, Rulada japoneza cu crema de vanilie si gem de capsuni, Mini Eclere, Mini Amandina, Prajitura Bounty, Prajitura Sneakers sau Prajitura cu mac si crema de lamaie.\" \/>\n<meta property=\"og:url\" content=\"https:\/\/cofetariascalaoradea.ro\/hu\/produs\/platou-de-prajituri-35-buc\/\" \/>\n<meta property=\"og:site_name\" content=\"Cofetaria Scala Oradea\" \/>\n<meta property=\"article:publisher\" content=\"https:\/\/www.facebook.com\/cofetariascalaoradea\" \/>\n<meta property=\"article:modified_time\" content=\"2026-04-01T13:02:31+00:00\" \/>\n<meta property=\"og:image\" content=\"https:\/\/cofetariascalaoradea.ro\/wp-content\/uploads\/2025\/04\/Memories20foto-video-07254-scaled.jpg\" \/>\n\t<meta property=\"og:image:width\" content=\"2560\" \/>\n\t<meta property=\"og:image:height\" content=\"1707\" \/>\n\t<meta property=\"og:image:type\" content=\"image\/jpeg\" \/>\n<meta name=\"twitter:card\" content=\"summary_large_image\" \/>\n<meta name=\"twitter:label1\" content=\"Becs\u00fclt olvas\u00e1si id\u0151\" \/>\n\t<meta name=\"twitter:data1\" content=\"1 perc\" \/>\n<script type=\"application\/ld+json\" class=\"yoast-schema-graph\">{\"@context\":\"https:\\\/\\\/schema.org\",\"@graph\":[{\"@type\":\"WebPage\",\"@id\":\"https:\\\/\\\/cofetariascalaoradea.ro\\\/hu\\\/produs\\\/platou-de-prajituri-35-buc\\\/\",\"url\":\"https:\\\/\\\/cofetariascalaoradea.ro\\\/hu\\\/produs\\\/platou-de-prajituri-35-buc\\\/\",\"name\":\"Platou de prajituri 35 buc - Cofetaria Scala Oradea\",\"isPartOf\":{\"@id\":\"https:\\\/\\\/cofetariascalaoradea.ro\\\/hu\\\/#website\"},\"primaryImageOfPage\":{\"@id\":\"https:\\\/\\\/cofetariascalaoradea.ro\\\/hu\\\/produs\\\/platou-de-prajituri-35-buc\\\/#primaryimage\"},\"image\":{\"@id\":\"https:\\\/\\\/cofetariascalaoradea.ro\\\/hu\\\/produs\\\/platou-de-prajituri-35-buc\\\/#primaryimage\"},\"thumbnailUrl\":\"https:\\\/\\\/i0.wp.com\\\/cofetariascalaoradea.ro\\\/wp-content\\\/uploads\\\/2025\\\/04\\\/Memories20foto-video-07254-scaled.jpg?fit=2560%2C1707&ssl=1\",\"datePublished\":\"2025-04-12T08:12:14+00:00\",\"dateModified\":\"2026-04-01T13:02:31+00:00\",\"description\":\"Un platou contine 5 sortimente de prajitura, in diferite combinatii, in functie de disponibilitate: Mini Rulada Red Velvet, Tarte cu fructe, Rulada japoneza cu crema de vanilie si gem de capsuni, Mini Eclere, Mini Amandina, Prajitura Bounty, Prajitura Sneakers sau Prajitura cu mac si crema de lamaie.\",\"breadcrumb\":{\"@id\":\"https:\\\/\\\/cofetariascalaoradea.ro\\\/hu\\\/produs\\\/platou-de-prajituri-35-buc\\\/#breadcrumb\"},\"inLanguage\":\"hu\",\"potentialAction\":[{\"@type\":\"ReadAction\",\"target\":[\"https:\\\/\\\/cofetariascalaoradea.ro\\\/hu\\\/produs\\\/platou-de-prajituri-35-buc\\\/\"]}]},{\"@type\":\"ImageObject\",\"inLanguage\":\"hu\",\"@id\":\"https:\\\/\\\/cofetariascalaoradea.ro\\\/hu\\\/produs\\\/platou-de-prajituri-35-buc\\\/#primaryimage\",\"url\":\"https:\\\/\\\/i0.wp.com\\\/cofetariascalaoradea.ro\\\/wp-content\\\/uploads\\\/2025\\\/04\\\/Memories20foto-video-07254-scaled.jpg?fit=2560%2C1707&ssl=1\",\"contentUrl\":\"https:\\\/\\\/i0.wp.com\\\/cofetariascalaoradea.ro\\\/wp-content\\\/uploads\\\/2025\\\/04\\\/Memories20foto-video-07254-scaled.jpg?fit=2560%2C1707&ssl=1\",\"width\":2560,\"height\":1707},{\"@type\":\"BreadcrumbList\",\"@id\":\"https:\\\/\\\/cofetariascalaoradea.ro\\\/hu\\\/produs\\\/platou-de-prajituri-35-buc\\\/#breadcrumb\",\"itemListElement\":[{\"@type\":\"ListItem\",\"position\":1,\"name\":\"Prima pagin\u0103\",\"item\":\"https:\\\/\\\/cofetariascalaoradea.ro\\\/hu\\\/\"},{\"@type\":\"ListItem\",\"position\":2,\"name\":\"Bolt\",\"item\":\"https:\\\/\\\/cofetariascalaoradea.ro\\\/hu\\\/bolt\\\/\"},{\"@type\":\"ListItem\",\"position\":3,\"name\":\"Platou de prajituri 35 buc\"}]},{\"@type\":\"WebSite\",\"@id\":\"https:\\\/\\\/cofetariascalaoradea.ro\\\/hu\\\/#website\",\"url\":\"https:\\\/\\\/cofetariascalaoradea.ro\\\/hu\\\/\",\"name\":\"Cofetaria Scala Oradea\",\"description\":\"Gustul amintirilor dulci\",\"publisher\":{\"@id\":\"https:\\\/\\\/cofetariascalaoradea.ro\\\/hu\\\/#organization\"},\"potentialAction\":[{\"@type\":\"SearchAction\",\"target\":{\"@type\":\"EntryPoint\",\"urlTemplate\":\"https:\\\/\\\/cofetariascalaoradea.ro\\\/hu\\\/?s={search_term_string}\"},\"query-input\":{\"@type\":\"PropertyValueSpecification\",\"valueRequired\":true,\"valueName\":\"search_term_string\"}}],\"inLanguage\":\"hu\"},{\"@type\":\"Organization\",\"@id\":\"https:\\\/\\\/cofetariascalaoradea.ro\\\/hu\\\/#organization\",\"name\":\"Cofetaria Scala Oradea\",\"url\":\"https:\\\/\\\/cofetariascalaoradea.ro\\\/hu\\\/\",\"logo\":{\"@type\":\"ImageObject\",\"inLanguage\":\"hu\",\"@id\":\"https:\\\/\\\/cofetariascalaoradea.ro\\\/hu\\\/#\\\/schema\\\/logo\\\/image\\\/\",\"url\":\"https:\\\/\\\/cofetariascalaoradea.ro\\\/wp-content\\\/uploads\\\/2020\\\/05\\\/logo-cofetaria-scala-oradea.png\",\"contentUrl\":\"https:\\\/\\\/cofetariascalaoradea.ro\\\/wp-content\\\/uploads\\\/2020\\\/05\\\/logo-cofetaria-scala-oradea.png\",\"width\":300,\"height\":90,\"caption\":\"Cofetaria Scala Oradea\"},\"image\":{\"@id\":\"https:\\\/\\\/cofetariascalaoradea.ro\\\/hu\\\/#\\\/schema\\\/logo\\\/image\\\/\"},\"sameAs\":[\"https:\\\/\\\/www.facebook.com\\\/cofetariascalaoradea\",\"https:\\\/\\\/www.instagram.com\\\/cofetariascalaoradea\"]}]}<\/script>\n<!-- \/ Yoast SEO plugin. -->","yoast_head_json":{"title":"Platou de prajituri 35 buc - Cofetaria Scala Oradea","description":"Un platou contine 5 sortimente de prajitura, in diferite combinatii, in functie de disponibilitate: Mini Rulada Red Velvet, Tarte cu fructe, Rulada japoneza cu crema de vanilie si gem de capsuni, Mini Eclere, Mini Amandina, Prajitura Bounty, Prajitura Sneakers sau Prajitura cu mac si crema de lamaie.","robots":{"index":"index","follow":"follow","max-snippet":"max-snippet:-1","max-image-preview":"max-image-preview:large","max-video-preview":"max-video-preview:-1"},"canonical":"https:\/\/cofetariascalaoradea.ro\/hu\/produs\/platou-de-prajituri-35-buc\/","og_locale":"hu_HU","og_type":"article","og_title":"Platou de prajituri 35 buc - Cofetaria Scala Oradea","og_description":"Un platou contine 5 sortimente de prajitura, in diferite combinatii, in functie de disponibilitate: Mini Rulada Red Velvet, Tarte cu fructe, Rulada japoneza cu crema de vanilie si gem de capsuni, Mini Eclere, Mini Amandina, Prajitura Bounty, Prajitura Sneakers sau Prajitura cu mac si crema de lamaie.","og_url":"https:\/\/cofetariascalaoradea.ro\/hu\/produs\/platou-de-prajituri-35-buc\/","og_site_name":"Cofetaria Scala Oradea","article_publisher":"https:\/\/www.facebook.com\/cofetariascalaoradea","article_modified_time":"2026-04-01T13:02:31+00:00","og_image":[{"width":2560,"height":1707,"url":"https:\/\/cofetariascalaoradea.ro\/wp-content\/uploads\/2025\/04\/Memories20foto-video-07254-scaled.jpg","type":"image\/jpeg"}],"twitter_card":"summary_large_image","twitter_misc":{"Becs\u00fclt olvas\u00e1si id\u0151":"1 perc"},"schema":{"@context":"https:\/\/schema.org","@graph":[{"@type":"WebPage","@id":"https:\/\/cofetariascalaoradea.ro\/hu\/produs\/platou-de-prajituri-35-buc\/","url":"https:\/\/cofetariascalaoradea.ro\/hu\/produs\/platou-de-prajituri-35-buc\/","name":"Platou de prajituri 35 buc - Cofetaria Scala Oradea","isPartOf":{"@id":"https:\/\/cofetariascalaoradea.ro\/hu\/#website"},"primaryImageOfPage":{"@id":"https:\/\/cofetariascalaoradea.ro\/hu\/produs\/platou-de-prajituri-35-buc\/#primaryimage"},"image":{"@id":"https:\/\/cofetariascalaoradea.ro\/hu\/produs\/platou-de-prajituri-35-buc\/#primaryimage"},"thumbnailUrl":"https:\/\/i0.wp.com\/cofetariascalaoradea.ro\/wp-content\/uploads\/2025\/04\/Memories20foto-video-07254-scaled.jpg?fit=2560%2C1707&ssl=1","datePublished":"2025-04-12T08:12:14+00:00","dateModified":"2026-04-01T13:02:31+00:00","description":"Un platou contine 5 sortimente de prajitura, in diferite combinatii, in functie de disponibilitate: Mini Rulada Red Velvet, Tarte cu fructe, Rulada japoneza cu crema de vanilie si gem de capsuni, Mini Eclere, Mini Amandina, Prajitura Bounty, Prajitura Sneakers sau Prajitura cu mac si crema de lamaie.","breadcrumb":{"@id":"https:\/\/cofetariascalaoradea.ro\/hu\/produs\/platou-de-prajituri-35-buc\/#breadcrumb"},"inLanguage":"hu","potentialAction":[{"@type":"ReadAction","target":["https:\/\/cofetariascalaoradea.ro\/hu\/produs\/platou-de-prajituri-35-buc\/"]}]},{"@type":"ImageObject","inLanguage":"hu","@id":"https:\/\/cofetariascalaoradea.ro\/hu\/produs\/platou-de-prajituri-35-buc\/#primaryimage","url":"https:\/\/i0.wp.com\/cofetariascalaoradea.ro\/wp-content\/uploads\/2025\/04\/Memories20foto-video-07254-scaled.jpg?fit=2560%2C1707&ssl=1","contentUrl":"https:\/\/i0.wp.com\/cofetariascalaoradea.ro\/wp-content\/uploads\/2025\/04\/Memories20foto-video-07254-scaled.jpg?fit=2560%2C1707&ssl=1","width":2560,"height":1707},{"@type":"BreadcrumbList","@id":"https:\/\/cofetariascalaoradea.ro\/hu\/produs\/platou-de-prajituri-35-buc\/#breadcrumb","itemListElement":[{"@type":"ListItem","position":1,"name":"Prima pagin\u0103","item":"https:\/\/cofetariascalaoradea.ro\/hu\/"},{"@type":"ListItem","position":2,"name":"Bolt","item":"https:\/\/cofetariascalaoradea.ro\/hu\/bolt\/"},{"@type":"ListItem","position":3,"name":"Platou de prajituri 35 buc"}]},{"@type":"WebSite","@id":"https:\/\/cofetariascalaoradea.ro\/hu\/#website","url":"https:\/\/cofetariascalaoradea.ro\/hu\/","name":"Cofetaria Scala Oradea","description":"Gustul amintirilor dulci","publisher":{"@id":"https:\/\/cofetariascalaoradea.ro\/hu\/#organization"},"potentialAction":[{"@type":"SearchAction","target":{"@type":"EntryPoint","urlTemplate":"https:\/\/cofetariascalaoradea.ro\/hu\/?s={search_term_string}"},"query-input":{"@type":"PropertyValueSpecification","valueRequired":true,"valueName":"search_term_string"}}],"inLanguage":"hu"},{"@type":"Organization","@id":"https:\/\/cofetariascalaoradea.ro\/hu\/#organization","name":"Cofetaria Scala Oradea","url":"https:\/\/cofetariascalaoradea.ro\/hu\/","logo":{"@type":"ImageObject","inLanguage":"hu","@id":"https:\/\/cofetariascalaoradea.ro\/hu\/#\/schema\/logo\/image\/","url":"https:\/\/cofetariascalaoradea.ro\/wp-content\/uploads\/2020\/05\/logo-cofetaria-scala-oradea.png","contentUrl":"https:\/\/cofetariascalaoradea.ro\/wp-content\/uploads\/2020\/05\/logo-cofetaria-scala-oradea.png","width":300,"height":90,"caption":"Cofetaria Scala Oradea"},"image":{"@id":"https:\/\/cofetariascalaoradea.ro\/hu\/#\/schema\/logo\/image\/"},"sameAs":["https:\/\/www.facebook.com\/cofetariascalaoradea","https:\/\/www.instagram.com\/cofetariascalaoradea"]}]}},"jetpack_publicize_connections":[],"jetpack_likes_enabled":true,"jetpack_sharing_enabled":true,"_links":{"self":[{"href":"https:\/\/cofetariascalaoradea.ro\/hu\/wp-json\/wp\/v2\/product\/9344","targetHints":{"allow":["GET"]}}],"collection":[{"href":"https:\/\/cofetariascalaoradea.ro\/hu\/wp-json\/wp\/v2\/product"}],"about":[{"href":"https:\/\/cofetariascalaoradea.ro\/hu\/wp-json\/wp\/v2\/types\/product"}],"replies":[{"embeddable":true,"href":"https:\/\/cofetariascalaoradea.ro\/hu\/wp-json\/wp\/v2\/comments?post=9344"}],"wp:featuredmedia":[{"embeddable":true,"href":"https:\/\/cofetariascalaoradea.ro\/hu\/wp-json\/wp\/v2\/media\/9345"}],"wp:attachment":[{"href":"https:\/\/cofetariascalaoradea.ro\/hu\/wp-json\/wp\/v2\/media?parent=9344"}],"wp:term":[{"taxonomy":"product_brand","embeddable":true,"href":"https:\/\/cofetariascalaoradea.ro\/hu\/wp-json\/wp\/v2\/product_brand?post=9344"},{"taxonomy":"product_cat","embeddable":true,"href":"https:\/\/cofetariascalaoradea.ro\/hu\/wp-json\/wp\/v2\/product_cat?post=9344"},{"taxonomy":"product_tag","embeddable":true,"href":"https:\/\/cofetariascalaoradea.ro\/hu\/wp-json\/wp\/v2\/product_tag?post=9344"}],"curies":[{"name":"wp","href":"https:\/\/api.w.org\/{rel}","templated":true}]}}